{"id":2949,"date":"2022-01-27T10:43:00","date_gmt":"2022-01-27T09:43:00","guid":{"rendered":"http:\/\/transfer.vision-components.com\/?page_id=2949"},"modified":"2024-06-27T14:41:09","modified_gmt":"2024-06-27T12:41:09","slug":"imprint","status":"publish","type":"page","link":"https:\/\/dev.vision-components.com\/en\/impressum\/","title":{"rendered":"Imprint"},"content":{"rendered":"<div data-elementor-type=\"wp-page\" data-elementor-id=\"2949\" class=\"elementor elementor-2949\" data-elementor-post-type=\"page\">\n\t\t\t\t\t\t<section class=\"elementor-section elementor-top-section elementor-element elementor-element-c0f84f9 elementor-section-full_width vc-gradient elementor-section-height-min-height elementor-section-height-default elementor-section-items-middle\" data-id=\"c0f84f9\" data-element_type=\"section\" data-e-type=\"section\" data-settings=\"{&quot;background_background&quot;:&quot;classic&quot;}\">\n\t\t\t\t\t\t<div class=\"elementor-container elementor-column-gap-default\">\n\t\t\t\t\t<div class=\"elementor-column elementor-col-100 elementor-top-column elementor-element elementor-element-430446b vc-content\" data-id=\"430446b\" data-element_type=\"column\" data-e-type=\"column\">\n\t\t\t<div class=\"elementor-widget-wrap elementor-element-populated\">\n\t\t\t\t\t\t<section class=\"elementor-section elementor-inner-section elementor-element elementor-element-31560ab elementor-section-boxed elementor-section-height-default elementor-section-height-default\" data-id=\"31560ab\" data-element_type=\"section\" data-e-type=\"section\">\n\t\t\t\t\t\t<div class=\"elementor-container elementor-column-gap-default\">\n\t\t\t\t\t<div class=\"elementor-column elementor-col-100 elementor-inner-column elementor-element elementor-element-741726b\" data-id=\"741726b\" data-element_type=\"column\" data-e-type=\"column\">\n\t\t\t<div class=\"elementor-widget-wrap elementor-element-populated\">\n\t\t\t\t\t\t<div class=\"elementor-element elementor-element-be19006 vc-color-white elementor-widget elementor-widget-heading\" data-id=\"be19006\" data-element_type=\"widget\" data-e-type=\"widget\" data-widget_type=\"heading.default\">\n\t\t\t\t<div class=\"elementor-widget-container\">\n\t\t\t\t\t<h1 class=\"elementor-heading-title elementor-size-default\">Imprint<\/h1>\t\t\t\t<\/div>\n\t\t\t\t<\/div>\n\t\t\t\t\t<\/div>\n\t\t<\/div>\n\t\t\t\t\t<\/div>\n\t\t<\/section>\n\t\t\t\t\t<\/div>\n\t\t<\/div>\n\t\t\t\t\t<\/div>\n\t\t<\/section>\n\t\t\t\t<section class=\"elementor-section elementor-top-section elementor-element elementor-element-252702e vc-content-padding vc-bg-special-white-grey elementor-section-boxed elementor-section-height-default elementor-section-height-default\" data-id=\"252702e\" data-element_type=\"section\" data-e-type=\"section\">\n\t\t\t\t\t\t<div class=\"elementor-container elementor-column-gap-default\">\n\t\t\t\t\t<div class=\"elementor-column elementor-col-50 elementor-top-column elementor-element elementor-element-333010b vc-content\" data-id=\"333010b\" data-element_type=\"column\" data-e-type=\"column\">\n\t\t\t<div class=\"elementor-widget-wrap elementor-element-populated\">\n\t\t\t\t\t\t<section class=\"elementor-section elementor-inner-section elementor-element elementor-element-86737c2 elementor-section-boxed elementor-section-height-default elementor-section-height-default\" data-id=\"86737c2\" data-element_type=\"section\" data-e-type=\"section\">\n\t\t\t\t\t\t<div class=\"elementor-container elementor-column-gap-default\">\n\t\t\t\t\t<div class=\"elementor-column elementor-col-100 elementor-inner-column elementor-element elementor-element-3ba70b9\" data-id=\"3ba70b9\" data-element_type=\"column\" data-e-type=\"column\">\n\t\t\t<div class=\"elementor-widget-wrap elementor-element-populated\">\n\t\t\t\t\t\t<div class=\"elementor-element elementor-element-ccf1aaf elementor-widget elementor-widget-text-editor\" data-id=\"ccf1aaf\" data-element_type=\"widget\" data-e-type=\"widget\" data-widget_type=\"text-editor.default\">\n\t\t\t\t<div class=\"elementor-widget-container\">\n\t\t\t\t\t\t\t\t\t<p><strong>Vision Components<\/strong><br \/>Gesellschaft f\u00fcr<br \/>Bildverarbeitungssysteme mbH<br \/>Ottostr. 2<br \/>76275 Ettlingen<\/p><p>\u00a0<\/p><p>Phone +49 7243 21 67-0<\/p><p>\u00a0<\/p><p><a href=\"https:\/\/dev.vision-components.com\/en\/\">www.vision-components.com<\/a><br \/><a href=\"mailto:sales@dev.vision-components.com\">sales@dev.vision-components.com<\/a><\/p>\t\t\t\t\t\t\t\t<\/div>\n\t\t\t\t<\/div>\n\t\t\t\t<div class=\"elementor-element elementor-element-a86904f elementor-widget elementor-widget-html\" data-id=\"a86904f\" data-element_type=\"widget\" data-e-type=\"widget\" data-widget_type=\"html.default\">\n\t\t\t\t<div class=\"elementor-widget-container\">\n\t\t\t\t\t<div class=\"adminActions\">\n    <button class=\"vc-button vc-button-primary bg-darkgreen contact-button\" id=\"toggleButton\">\n        <span class=\"text-white contactText\">Contact us<\/span>\n        <i class=\"fa fa-crossout\" style=\"display: none;\"><\/i>\n        <i class=\"fa fa-paperplane\"><\/i>\n    <\/button>\n    <div class=\"adminButtons\" id=\"adminButtons\">\n    <a href=\"https:\/\/dev.vision-components.com\/en\/contact\/\" title=\"Contact\" class=\"first-block\"><div class=\"bg-lightgrey\">Contact form<i class=\"fa fa-form-vc\"><\/i><\/div><\/a>\n    <a href=\"tel:+4972432167-0\" title=\"Call\"><div class=\"bg-lightgrey\">Call us<i class=\"fa fa-phone-vc\"><\/i><\/div><\/a>\n    <a href=\"mailto:info@vision-components.com\" title=\"Mail\"><div class=\"bg-lightgrey\">Email<i class=\"fa fa-email-vc\"><\/i><\/div><\/a>\n    <\/div>\n<\/div>\n\n    <script>\n   document.addEventListener(\"DOMContentLoaded\", function() {\n    const button = document.getElementById('toggleButton');\n    const adminButtons = document.querySelector('.adminButtons');\n    const contactButton = document.querySelector('.contact-button');\n    const cogIcon = button.querySelector('.fa-crossout');\n    const buildingIcon = button.querySelector('.fa-paperplane');\n    const adminLinks = adminButtons.querySelectorAll('a');\n    let isOn = false;\n\n    button.addEventListener('click', function() {\n        isOn = !isOn;\n        button.querySelector('span').textContent = isOn ? 'Kontakt aufnehmen' : 'Kontakt aufnehmen';\n        \n        if (isOn) {\n            adminButtons.classList.add('show', 'bg-white');\n            contactButton.classList.add('bg-lightgreen');\n            cogIcon.style.display = 'inline-flex';\n            buildingIcon.style.display = 'none';\n            adminLinks.forEach((link, index) => {\n                link.style.visibility = 'visible';\n                link.style.opacity = '1';\n                link.style.transitionDelay = `${0.15 + 0.05 * index}s`;\n            });\n        } else {\n            adminButtons.classList.remove('show', 'bg-white');\n            contactButton.classList.remove('bg-lightgreen');\n            cogIcon.style.display = 'none';\n            buildingIcon.style.display = 'inline-flex';\n            adminLinks.forEach((link) => {\n                link.style.visibility = 'hidden';\n                link.style.opacity = '0';\n                link.style.transitionDelay = '0s';\n            });\n        }\n    });\n});\n    <\/script>\t\t\t\t<\/div>\n\t\t\t\t<\/div>\n\t\t\t\t\t<\/div>\n\t\t<\/div>\n\t\t\t\t\t<\/div>\n\t\t<\/section>\n\t\t\t\t\t<\/div>\n\t\t<\/div>\n\t\t\t\t<div class=\"elementor-column elementor-col-50 elementor-top-column elementor-element elementor-element-51dd011 vc-content\" data-id=\"51dd011\" data-element_type=\"column\" data-e-type=\"column\">\n\t\t\t<div class=\"elementor-widget-wrap elementor-element-populated\">\n\t\t\t\t\t\t<section class=\"elementor-section elementor-inner-section elementor-element elementor-element-74af6ec elementor-section-boxed elementor-section-height-default elementor-section-height-default\" data-id=\"74af6ec\" data-element_type=\"section\" data-e-type=\"section\">\n\t\t\t\t\t\t<div class=\"elementor-container elementor-column-gap-default\">\n\t\t\t\t\t<div class=\"elementor-column elementor-col-100 elementor-inner-column elementor-element elementor-element-712e2a0\" data-id=\"712e2a0\" data-element_type=\"column\" data-e-type=\"column\">\n\t\t\t<div class=\"elementor-widget-wrap elementor-element-populated\">\n\t\t\t\t\t\t<div class=\"elementor-element elementor-element-7a5b39b elementor-widget elementor-widget-text-editor\" data-id=\"7a5b39b\" data-element_type=\"widget\" data-e-type=\"widget\" data-widget_type=\"text-editor.default\">\n\t\t\t\t<div class=\"elementor-widget-container\">\n\t\t\t\t\t\t\t\t\t<p><strong>Obligatory data \u00a7 5 TMG<\/strong> <br \/><br \/><\/p><p><strong>Managing Directors:<\/strong> <br \/>Michael Engel, Jan-Erik Schmitt <br \/><br \/><\/p><p><strong>Registered business address:<\/strong> <br \/>Ettlingen <br \/><br \/><\/p><p><strong>Commercial register number:<\/strong> <br \/>Mannheim HRB362458 <br \/><br \/><\/p><p><strong>Sales tax identification number:<\/strong> <br \/>DE178352913<\/p>\t\t\t\t\t\t\t\t<\/div>\n\t\t\t\t<\/div>\n\t\t\t\t\t<\/div>\n\t\t<\/div>\n\t\t\t\t\t<\/div>\n\t\t<\/section>\n\t\t\t\t\t<\/div>\n\t\t<\/div>\n\t\t\t\t\t<\/div>\n\t\t<\/section>\n\t\t\t\t<section class=\"elementor-section elementor-top-section elementor-element elementor-element-088852f vc-content-padding  elementor-section-boxed elementor-section-height-default elementor-section-height-default\" data-id=\"088852f\" data-element_type=\"section\" data-e-type=\"section\">\n\t\t\t\t\t\t<div class=\"elementor-container elementor-column-gap-default\">\n\t\t\t\t\t<div class=\"elementor-column elementor-col-100 elementor-top-column elementor-element elementor-element-c32b490 vc-content\" data-id=\"c32b490\" data-element_type=\"column\" data-e-type=\"column\">\n\t\t\t<div class=\"elementor-widget-wrap elementor-element-populated\">\n\t\t\t\t\t\t<section class=\"elementor-section elementor-inner-section elementor-element elementor-element-36b4119 elementor-section-boxed elementor-section-height-default elementor-section-height-default\" data-id=\"36b4119\" data-element_type=\"section\" data-e-type=\"section\">\n\t\t\t\t\t\t<div class=\"elementor-container elementor-column-gap-default\">\n\t\t\t\t\t<div class=\"elementor-column elementor-col-100 elementor-inner-column elementor-element elementor-element-00adf0d\" data-id=\"00adf0d\" data-element_type=\"column\" data-e-type=\"column\">\n\t\t\t<div class=\"elementor-widget-wrap elementor-element-populated\">\n\t\t\t\t\t\t<div class=\"elementor-element elementor-element-19735af vc-margin-bottom-32 elementor-widget elementor-widget-text-editor\" data-id=\"19735af\" data-element_type=\"widget\" data-e-type=\"widget\" data-widget_type=\"text-editor.default\">\n\t\t\t\t<div class=\"elementor-widget-container\">\n\t\t\t\t\t\t\t\t\t<p><strong>Disclaimer<\/strong><\/p>\t\t\t\t\t\t\t\t<\/div>\n\t\t\t\t<\/div>\n\t\t\t\t<div class=\"elementor-element elementor-element-a050044 vc-margin-bottom-32 elementor-widget elementor-widget-text-editor\" data-id=\"a050044\" data-element_type=\"widget\" data-e-type=\"widget\" data-widget_type=\"text-editor.default\">\n\t\t\t\t<div class=\"elementor-widget-container\">\n\t\t\t\t\t\t\t\t\t<strong>1. Content<\/strong> <br>\nThe author reserves the right not to be responsible for the topicality, correctness, completeness or quality of the information provided. Liability claims regarding damage caused by the use of any information provided, including any kind of information which is incomplete or incorrect,will therefore be rejected. \nAll offers are not-binding and without obligation. Parts of the pages or the complete publication including all offers and information might be extended, changed or partly or completely deleted by the author without separate announcement. <br>\n\nAll offers are subject to change and non-binding. The author expressly reserves the right to change, supplement or delete parts of the pages or the entire offer without prior notice or to cease publication temporarily or permanently.\t\t\t\t\t\t\t\t<\/div>\n\t\t\t\t<\/div>\n\t\t\t\t<div class=\"elementor-element elementor-element-d7defa7 vc-margin-bottom-32 elementor-widget elementor-widget-text-editor\" data-id=\"d7defa7\" data-element_type=\"widget\" data-e-type=\"widget\" data-widget_type=\"text-editor.default\">\n\t\t\t\t<div class=\"elementor-widget-container\">\n\t\t\t\t\t\t\t\t\t<strong>2. Referrals and links<\/strong> <br>\nThe author is not responsible for any contents linked or referred to from his pages \u2013 unless he has full knowledge of illegal contents and would be able to prevent the visitors of his site fromviewing those pages. If any damage occurs by the use of information presented there, only the author of the respective pages might be liable, not the one who has linked to these pages. Furthermore the author is not liable for any postings or messages published by users of discussion boards, guestbooks or mailinglists provided on his page.\t\t\t\t\t\t\t\t<\/div>\n\t\t\t\t<\/div>\n\t\t\t\t<div class=\"elementor-element elementor-element-445c860 vc-margin-bottom-32 elementor-widget elementor-widget-text-editor\" data-id=\"445c860\" data-element_type=\"widget\" data-e-type=\"widget\" data-widget_type=\"text-editor.default\">\n\t\t\t\t<div class=\"elementor-widget-container\">\n\t\t\t\t\t\t\t\t\t<p class=\"translation-block\"><strong>3. Copyright <\/strong> <br>The author intended not to use any copyrighted material for the publication or, if not possible, to indicate the copyright of the respective object. \nThe copyright for any material created by the author is reserved. Any duplication or use of objects such as images, diagrams, sounds or texts in other electronic or printed publications is not permitted without the author's agreement.<\/p>\t\t\t\t\t\t\t\t<\/div>\n\t\t\t\t<\/div>\n\t\t\t\t<div class=\"elementor-element elementor-element-a6e90d1 vc-margin-bottom-32 elementor-widget elementor-widget-text-editor\" data-id=\"a6e90d1\" data-element_type=\"widget\" data-e-type=\"widget\" data-widget_type=\"text-editor.default\">\n\t\t\t\t<div class=\"elementor-widget-container\">\n\t\t\t\t\t\t\t\t\t<p><strong>4. Legal validity of this disclaimer<\/strong> <br \/>This disclaimer is to be regarded as part of the internet publication which you were referred from. If sections or individual terms of this statement are not legal or correct, the content or validity of the other parts remain uninfluenced by this fact.<\/p>\t\t\t\t\t\t\t\t<\/div>\n\t\t\t\t<\/div>\n\t\t\t\t\t<\/div>\n\t\t<\/div>\n\t\t\t\t\t<\/div>\n\t\t<\/section>\n\t\t\t\t\t<\/div>\n\t\t<\/div>\n\t\t\t\t\t<\/div>\n\t\t<\/section>\n\t\t\t\t<\/div>","protected":false},"excerpt":{"rendered":"<p>Impressum Vision ComponentsGesellschaft f\u00fcrBildverarbeitungssysteme mbHOttostr. 276275 Ettlingen \u00a0 Telefon +49 7243 21 67-0 \u00a0 www.vision-components.comsales@dev.vision-components.com Kontakt aufnehmen Kontaktformular Anruf E-Mail Pflichtangaben nach \u00a7 5 TMG Gesch\u00e4ftsf\u00fchrer: Michael Engel, Jan-Erik Schmitt Firmensitz: Ettlingen Registergericht: Mannheim HRB362458 Umsatzsteuer-Identifikationsnummer: DE178352913 Haftungsausschluss 1. Inhalt des Onlineangebotes Der Autor \u00fcbernimmt keinerlei Gew\u00e4hr f\u00fcr die Aktualit\u00e4t, Korrektheit, Vollst\u00e4ndigkeit oder Qualit\u00e4t der [&hellip;]<\/p>\n","protected":false},"author":1,"featured_media":0,"parent":0,"menu_order":18,"comment_status":"closed","ping_status":"closed","template":"","meta":{"_acf_changed":false,"inline_featured_image":false,"schema_is_product":false,"footnotes":""},"class_list":["post-2949","page","type-page","status-publish","hentry"],"acf":[],"yoast_head":"<!-- This site is optimized with the Yoast SEO plugin v27.4 - https:\/\/yoast.com\/product\/yoast-seo-wordpress\/ -->\n<title>Impressum<\/title>\n<meta name=\"description\" content=\"Impressum: Vision Components | Gesellschaft f\u00fcr Bildverarbeitungssysteme mbH | Ottostr. 2 | D-76275 Ettlingen\" \/>\n<meta name=\"robots\" content=\"noindex, follow, max-snippet:-1, max-image-preview:large, max-video-preview:-1\" \/>\n<meta name=\"twitter:label1\" content=\"Estimated reading time\" \/>\n\t<meta name=\"twitter:data1\" content=\"3 minutes\" \/>\n<script type=\"application\/ld+json\" class=\"yoast-schema-graph\">{\"@context\":\"https:\\\/\\\/schema.org\",\"@graph\":[{\"@type\":\"WebPage\",\"@id\":\"https:\\\/\\\/dev.vision-components.com\\\/impressum\\\/\",\"url\":\"https:\\\/\\\/dev.vision-components.com\\\/impressum\\\/\",\"name\":\"Impressum\",\"isPartOf\":{\"@id\":\"https:\\\/\\\/dev.vision-components.com\\\/#website\"},\"datePublished\":\"2022-01-27T09:43:00+00:00\",\"dateModified\":\"2024-06-27T12:41:09+00:00\",\"description\":\"Impressum: Vision Components | Gesellschaft f\u00fcr Bildverarbeitungssysteme mbH | Ottostr. 2 | D-76275 Ettlingen\",\"breadcrumb\":{\"@id\":\"https:\\\/\\\/dev.vision-components.com\\\/impressum\\\/#breadcrumb\"},\"inLanguage\":\"en-GB\",\"potentialAction\":[{\"@type\":\"ReadAction\",\"target\":[\"https:\\\/\\\/dev.vision-components.com\\\/impressum\\\/\"]}]},{\"@type\":\"BreadcrumbList\",\"@id\":\"https:\\\/\\\/dev.vision-components.com\\\/impressum\\\/#breadcrumb\",\"itemListElement\":[{\"@type\":\"ListItem\",\"position\":1,\"name\":\"Startseite\",\"item\":\"https:\\\/\\\/dev.vision-components.com\\\/\"},{\"@type\":\"ListItem\",\"position\":2,\"name\":\"Impressum\"}]},{\"@type\":\"WebSite\",\"@id\":\"https:\\\/\\\/dev.vision-components.com\\\/#website\",\"url\":\"https:\\\/\\\/dev.vision-components.com\\\/\",\"name\":\"Vision Components\",\"description\":\"\",\"publisher\":{\"@id\":\"https:\\\/\\\/dev.vision-components.com\\\/#organization\"},\"potentialAction\":[{\"@type\":\"SearchAction\",\"target\":{\"@type\":\"EntryPoint\",\"urlTemplate\":\"https:\\\/\\\/dev.vision-components.com\\\/?s={search_term_string}\"},\"query-input\":{\"@type\":\"PropertyValueSpecification\",\"valueRequired\":true,\"valueName\":\"search_term_string\"}}],\"inLanguage\":\"en-GB\"},{\"@type\":\"Organization\",\"@id\":\"https:\\\/\\\/dev.vision-components.com\\\/#organization\",\"name\":\"https:\\\/\\\/www.vision-components.com\",\"url\":\"https:\\\/\\\/dev.vision-components.com\\\/\",\"logo\":{\"@type\":\"ImageObject\",\"inLanguage\":\"en-GB\",\"@id\":\"https:\\\/\\\/dev.vision-components.com\\\/#\\\/schema\\\/logo\\\/image\\\/\",\"url\":\"https:\\\/\\\/dev.vision-components.com\\\/wp-content\\\/uploads\\\/2023\\\/03\\\/logo_vc_Zeichenflache-1-03_Zeichenflache-1-03.svg\",\"contentUrl\":\"https:\\\/\\\/dev.vision-components.com\\\/wp-content\\\/uploads\\\/2023\\\/03\\\/logo_vc_Zeichenflache-1-03_Zeichenflache-1-03.svg\",\"width\":1,\"height\":1,\"caption\":\"https:\\\/\\\/www.vision-components.com\"},\"image\":{\"@id\":\"https:\\\/\\\/dev.vision-components.com\\\/#\\\/schema\\\/logo\\\/image\\\/\"},\"sameAs\":[\"https:\\\/\\\/www.facebook.com\\\/profile.php?id=100063500276571\",\"https:\\\/\\\/x.com\\\/VisionComponent\",\"https:\\\/\\\/www.linkedin.com\\\/company\\\/vision-components-gmbh\\\/\",\"https:\\\/\\\/www.youtube.com\\\/user\\\/VisionComponents\"]}]}<\/script>\n<!-- \/ Yoast SEO plugin. -->","yoast_head_json":{"title":"Imprint","description":"Imprint: Vision Components | Gesellschaft f\u00fcr Bildverarbeitungssysteme mbH | Ottostr. 2 | D-76275 Ettlingen, Germany","robots":{"index":"noindex","follow":"follow","max-snippet":"max-snippet:-1","max-image-preview":"max-image-preview:large","max-video-preview":"max-video-preview:-1"},"twitter_misc":{"Estimated reading time":"3 minutes"},"schema":{"@context":"https:\/\/schema.org","@graph":[{"@type":"WebPage","@id":"https:\/\/dev.vision-components.com\/impressum\/","url":"https:\/\/dev.vision-components.com\/impressum\/","name":"Imprint","isPartOf":{"@id":"https:\/\/dev.vision-components.com\/#website"},"datePublished":"2022-01-27T09:43:00+00:00","dateModified":"2024-06-27T12:41:09+00:00","description":"Imprint: Vision Components | Gesellschaft f\u00fcr Bildverarbeitungssysteme mbH | Ottostr. 2 | D-76275 Ettlingen, Germany","breadcrumb":{"@id":"https:\/\/dev.vision-components.com\/impressum\/#breadcrumb"},"inLanguage":"en-GB","potentialAction":[{"@type":"ReadAction","target":["https:\/\/dev.vision-components.com\/impressum\/"]}]},{"@type":"BreadcrumbList","@id":"https:\/\/dev.vision-components.com\/impressum\/#breadcrumb","itemListElement":[{"@type":"ListItem","position":1,"name":"Startseite","item":"https:\/\/dev.vision-components.com\/"},{"@type":"ListItem","position":2,"name":"Impressum"}]},{"@type":"WebSite","@id":"https:\/\/dev.vision-components.com\/#website","url":"https:\/\/dev.vision-components.com\/","name":"Vision Components","description":"","publisher":{"@id":"https:\/\/dev.vision-components.com\/#organization"},"potentialAction":[{"@type":"SearchAction","target":{"@type":"EntryPoint","urlTemplate":"https:\/\/dev.vision-components.com\/?s={search_term_string}"},"query-input":{"@type":"PropertyValueSpecification","valueRequired":true,"valueName":"search_term_string"}}],"inLanguage":"en-GB"},{"@type":"Organization","@id":"https:\/\/dev.vision-components.com\/#organization","name":"https:\/\/www.vision-components.com","url":"https:\/\/dev.vision-components.com\/","logo":{"@type":"ImageObject","inLanguage":"en-GB","@id":"https:\/\/dev.vision-components.com\/#\/schema\/logo\/image\/","url":"https:\/\/dev.vision-components.com\/wp-content\/uploads\/2023\/03\/logo_vc_Zeichenflache-1-03_Zeichenflache-1-03.svg","contentUrl":"https:\/\/dev.vision-components.com\/wp-content\/uploads\/2023\/03\/logo_vc_Zeichenflache-1-03_Zeichenflache-1-03.svg","width":1,"height":1,"caption":"https:\/\/www.vision-components.com"},"image":{"@id":"https:\/\/dev.vision-components.com\/#\/schema\/logo\/image\/"},"sameAs":["https:\/\/www.facebook.com\/profile.php?id=100063500276571","https:\/\/x.com\/VisionComponent","https:\/\/www.linkedin.com\/company\/vision-components-gmbh\/","https:\/\/www.youtube.com\/user\/VisionComponents"]}]}},"_links":{"self":[{"href":"https:\/\/dev.vision-components.com\/en\/wp-json\/wp\/v2\/pages\/2949","targetHints":{"allow":["GET"]}}],"collection":[{"href":"https:\/\/dev.vision-components.com\/en\/wp-json\/wp\/v2\/pages"}],"about":[{"href":"https:\/\/dev.vision-components.com\/en\/wp-json\/wp\/v2\/types\/page"}],"author":[{"embeddable":true,"href":"https:\/\/dev.vision-components.com\/en\/wp-json\/wp\/v2\/users\/1"}],"replies":[{"embeddable":true,"href":"https:\/\/dev.vision-components.com\/en\/wp-json\/wp\/v2\/comments?post=2949"}],"version-history":[{"count":0,"href":"https:\/\/dev.vision-components.com\/en\/wp-json\/wp\/v2\/pages\/2949\/revisions"}],"wp:attachment":[{"href":"https:\/\/dev.vision-components.com\/en\/wp-json\/wp\/v2\/media?parent=2949"}],"curies":[{"name":"wp","href":"https:\/\/api.w.org\/{rel}","templated":true}]}}